


{"id":173,"date":"2016-08-08T18:48:10","date_gmt":"2016-08-08T18:48:10","guid":{"rendered":"http:\/\/www.engenhariacivil.com\/curso\/?page_id=173"},"modified":"2016-08-17T23:07:11","modified_gmt":"2016-08-17T23:07:11","slug":"angola","status":"publish","type":"page","link":"https:\/\/www.engenhariacivil.com\/curso\/angola","title":{"rendered":"Cursos de Engenharia Civil em Angola"},"content":{"rendered":"<p>Lista com todos os <strong>Cursos de Engenharia Civil em Angola<\/strong>, incluindo Licenciaturas em Engenharia Civil, Mestrados em Engenharia Civil e Doutoramentos em Engenharia Civil. S\u00e3o tamb\u00e9m apresentadas todas as Universidades, Institutos e <strong>Faculdades de Engenharia Civil em Angola<\/strong>.<\/p>\n<p><span style=\"text-decoration: underline;\">Tipo de ensino<\/span><br \/>\n<strong><a href=\"http:\/\/www.engenhariacivil.com\/curso\/ensino\/universitario?pais=angola\">Ensino Universit\u00e1rio de Engenharia Civil<\/a><\/strong> \u00a0\u00a0\u00a0\u00a0\u00a0\u00a0\u00a0\u00a0 <strong><a href=\"http:\/\/www.engenhariacivil.com\/curso\/ensino\/politecnico?pais=angola\">Ensino Polit\u00e9cnico de Engenharia Civil<\/a><\/strong><\/p>\n<p><span style=\"text-decoration: underline;\">Natureza da Institui\u00e7\u00e3o de Ensino<\/span><br \/>\n<a href=\"http:\/\/www.engenhariacivil.com\/curso\/ensino\/publico?pais=angola\"><strong>Ensino P\u00fablico de Engenharia Civil<\/strong><\/a> \u00a0\u00a0\u00a0\u00a0\u00a0\u00a0 \u00a0 \u00a0 \u00a0 \u00a0\u00a0 \u00a0\u00a0 <a href=\"http:\/\/www.engenhariacivil.com\/curso\/ensino\/privado?pais=angola\"><strong>Ensino Privado de Engenharia Civil<\/strong><\/a><\/p>\n<p><span style=\"text-decoration: underline;\">Lista de Cursos de Engenharia Civil em Angola<\/span><\/p>\n","protected":false},"excerpt":{"rendered":"<p>Lista com todos os Cursos de Engenharia Civil em Angola, incluindo Licenciaturas em Engenharia Civil, Mestrados em Engenharia Civil e Doutoramentos em Engenharia Civil. S\u00e3o tamb\u00e9m apresentadas todas as Universidades, Institutos e Faculdades de Engenharia Civil em Angola. Tipo de ensino Ensino Universit\u00e1rio de Engenharia Civil \u00a0\u00a0\u00a0\u00a0\u00a0\u00a0\u00a0\u00a0 Ensino Polit\u00e9cnico de Engenharia Civil Natureza da Institui\u00e7\u00e3o [&hellip;]<\/p>\n","protected":false},"author":1,"featured_media":0,"parent":0,"menu_order":0,"comment_status":"closed","ping_status":"closed","template":"tmp_temas2.php","meta":{"footnotes":""},"class_list":["post-173","page","type-page","status-publish","hentry"],"_links":{"self":[{"href":"https:\/\/www.engenhariacivil.com\/curso\/wp-json\/wp\/v2\/pages\/173","targetHints":{"allow":["GET"]}}],"collection":[{"href":"https:\/\/www.engenhariacivil.com\/curso\/wp-json\/wp\/v2\/pages"}],"about":[{"href":"https:\/\/www.engenhariacivil.com\/curso\/wp-json\/wp\/v2\/types\/page"}],"author":[{"embeddable":true,"href":"https:\/\/www.engenhariacivil.com\/curso\/wp-json\/wp\/v2\/users\/1"}],"replies":[{"embeddable":true,"href":"https:\/\/www.engenhariacivil.com\/curso\/wp-json\/wp\/v2\/comments?post=173"}],"version-history":[{"count":17,"href":"https:\/\/www.engenhariacivil.com\/curso\/wp-json\/wp\/v2\/pages\/173\/revisions"}],"predecessor-version":[{"id":257,"href":"https:\/\/www.engenhariacivil.com\/curso\/wp-json\/wp\/v2\/pages\/173\/revisions\/257"}],"wp:attachment":[{"href":"https:\/\/www.engenhariacivil.com\/curso\/wp-json\/wp\/v2\/media?parent=173"}],"curies":[{"name":"wp","href":"https:\/\/api.w.org\/{rel}","templated":true}]}}