


{"id":23,"date":"2016-02-14T18:14:55","date_gmt":"2016-02-14T18:14:55","guid":{"rendered":"http:\/\/www.engenhariacivil.com\/curso\/?page_id=23"},"modified":"2016-09-02T20:28:01","modified_gmt":"2016-09-02T20:28:01","slug":"brasil","status":"publish","type":"page","link":"https:\/\/www.engenhariacivil.com\/curso\/brasil","title":{"rendered":"Cursos de Engenharia Civil no Brasil"},"content":{"rendered":"<p>Lista com todos os <strong>Cursos de Engenharia Civil no Brasil<\/strong>, incluindo Gradua\u00e7\u00f5es, P\u00f3s-gradua\u00e7\u00f5es,\u00a0 Bacharelados em Engenharia Civil, Mestrados em Engenharia Civil e Doutorados em Engenharia Civil. S\u00e3o tamb\u00e9m apresentadas todas as Universidades, Institutos Superiores e <strong>Faculdades de Engenharia Civil no Brasil<\/strong>.<\/p>\n<p><u>Lista de Cursos de Engenharia Civil no Brasil<\/u> (em atualiza\u00e7\u00e3o)<u><br \/>\n<\/u><\/p>\n","protected":false},"excerpt":{"rendered":"<p>Lista com todos os Cursos de Engenharia Civil no Brasil, incluindo Gradua\u00e7\u00f5es, P\u00f3s-gradua\u00e7\u00f5es,\u00a0 Bacharelados em Engenharia Civil, Mestrados em Engenharia Civil e Doutorados em Engenharia Civil. S\u00e3o tamb\u00e9m apresentadas todas as Universidades, Institutos Superiores e Faculdades de Engenharia Civil no Brasil. Lista de Cursos de Engenharia Civil no Brasil (em atualiza\u00e7\u00e3o)<\/p>\n","protected":false},"author":1,"featured_media":0,"parent":0,"menu_order":0,"comment_status":"closed","ping_status":"closed","template":"tmp_temas2.php","meta":{"footnotes":""},"class_list":["post-23","page","type-page","status-publish","hentry"],"_links":{"self":[{"href":"https:\/\/www.engenhariacivil.com\/curso\/wp-json\/wp\/v2\/pages\/23","targetHints":{"allow":["GET"]}}],"collection":[{"href":"https:\/\/www.engenhariacivil.com\/curso\/wp-json\/wp\/v2\/pages"}],"about":[{"href":"https:\/\/www.engenhariacivil.com\/curso\/wp-json\/wp\/v2\/types\/page"}],"author":[{"embeddable":true,"href":"https:\/\/www.engenhariacivil.com\/curso\/wp-json\/wp\/v2\/users\/1"}],"replies":[{"embeddable":true,"href":"https:\/\/www.engenhariacivil.com\/curso\/wp-json\/wp\/v2\/comments?post=23"}],"version-history":[{"count":10,"href":"https:\/\/www.engenhariacivil.com\/curso\/wp-json\/wp\/v2\/pages\/23\/revisions"}],"predecessor-version":[{"id":263,"href":"https:\/\/www.engenhariacivil.com\/curso\/wp-json\/wp\/v2\/pages\/23\/revisions\/263"}],"wp:attachment":[{"href":"https:\/\/www.engenhariacivil.com\/curso\/wp-json\/wp\/v2\/media?parent=23"}],"curies":[{"name":"wp","href":"https:\/\/api.w.org\/{rel}","templated":true}]}}