



{"id":5559,"date":"2015-07-01T11:12:14","date_gmt":"2015-07-01T10:12:14","guid":{"rendered":"http:\/\/www.engenhariacivil.com\/emprego\/?page_id=5559"},"modified":"2015-07-01T11:14:29","modified_gmt":"2015-07-01T10:14:29","slug":"mensagem-confirmacao","status":"publish","type":"page","link":"https:\/\/www.engenhariacivil.com\/emprego\/mensagem-confirmacao","title":{"rendered":"Mensagem de confirma\u00e7\u00e3o"},"content":{"rendered":"<div class=\"entry\">\n<p>Se submeteu um an\u00fancio mas n\u00e3o recebeu a mensagem de confirma\u00e7\u00e3o, deve verificar a sua caixa <em>spam<\/em>.<\/p>\n<p>Em alternativa poder\u00e1 enviar, <strong>a partir do endere\u00e7o de email\u00a0 indicado no an\u00fancio<\/strong>, uma mensagem, para <strong>emprego@engenhariacivil.com<\/strong>, contendo o texto \u201c<em>confirmar<\/em>\u201c.<\/p>\n<\/div>\n","protected":false},"excerpt":{"rendered":"<p>Se submeteu um an\u00fancio mas n\u00e3o recebeu a mensagem de confirma\u00e7\u00e3o, deve verificar a sua caixa spam. Em alternativa poder\u00e1 enviar, a partir do endere\u00e7o de email\u00a0 indicado no an\u00fancio, uma mensagem, para emprego@engenhariacivil.com, contendo o texto \u201cconfirmar\u201c.<\/p>\n","protected":false},"author":1,"featured_media":0,"parent":0,"menu_order":0,"comment_status":"open","ping_status":"open","template":"","meta":{"footnotes":""},"class_list":["post-5559","page","type-page","status-publish","hentry"],"_links":{"self":[{"href":"https:\/\/www.engenhariacivil.com\/emprego\/wp-json\/wp\/v2\/pages\/5559","targetHints":{"allow":["GET"]}}],"collection":[{"href":"https:\/\/www.engenhariacivil.com\/emprego\/wp-json\/wp\/v2\/pages"}],"about":[{"href":"https:\/\/www.engenhariacivil.com\/emprego\/wp-json\/wp\/v2\/types\/page"}],"author":[{"embeddable":true,"href":"https:\/\/www.engenhariacivil.com\/emprego\/wp-json\/wp\/v2\/users\/1"}],"replies":[{"embeddable":true,"href":"https:\/\/www.engenhariacivil.com\/emprego\/wp-json\/wp\/v2\/comments?post=5559"}],"version-history":[{"count":2,"href":"https:\/\/www.engenhariacivil.com\/emprego\/wp-json\/wp\/v2\/pages\/5559\/revisions"}],"predecessor-version":[{"id":5561,"href":"https:\/\/www.engenhariacivil.com\/emprego\/wp-json\/wp\/v2\/pages\/5559\/revisions\/5561"}],"wp:attachment":[{"href":"https:\/\/www.engenhariacivil.com\/emprego\/wp-json\/wp\/v2\/media?parent=5559"}],"curies":[{"name":"wp","href":"https:\/\/api.w.org\/{rel}","templated":true}]}}