



{"id":5563,"date":"2015-07-01T11:30:18","date_gmt":"2015-07-01T10:30:18","guid":{"rendered":"http:\/\/www.engenhariacivil.com\/emprego\/?page_id=5563"},"modified":"2015-07-01T11:32:40","modified_gmt":"2015-07-01T10:32:40","slug":"emprego-gratuito","status":"publish","type":"page","link":"https:\/\/www.engenhariacivil.com\/emprego\/emprego-gratuito","title":{"rendered":"Emprego Gratuito"},"content":{"rendered":"<p>A <strong>publica\u00e7\u00e3o \u00e9 completamente gratuita<\/strong>, n\u00e3o existindo qualquer custo associado \u00e0 submiss\u00e3o, manuten\u00e7\u00e3o ou remo\u00e7\u00e3o de an\u00fancios.<\/p>\n","protected":false},"excerpt":{"rendered":"<p>A publica\u00e7\u00e3o \u00e9 completamente gratuita, n\u00e3o existindo qualquer custo associado \u00e0 submiss\u00e3o, manuten\u00e7\u00e3o ou remo\u00e7\u00e3o de an\u00fancios.<\/p>\n","protected":false},"author":1,"featured_media":0,"parent":0,"menu_order":0,"comment_status":"open","ping_status":"open","template":"","meta":{"footnotes":""},"class_list":["post-5563","page","type-page","status-publish","hentry"],"_links":{"self":[{"href":"https:\/\/www.engenhariacivil.com\/emprego\/wp-json\/wp\/v2\/pages\/5563","targetHints":{"allow":["GET"]}}],"collection":[{"href":"https:\/\/www.engenhariacivil.com\/emprego\/wp-json\/wp\/v2\/pages"}],"about":[{"href":"https:\/\/www.engenhariacivil.com\/emprego\/wp-json\/wp\/v2\/types\/page"}],"author":[{"embeddable":true,"href":"https:\/\/www.engenhariacivil.com\/emprego\/wp-json\/wp\/v2\/users\/1"}],"replies":[{"embeddable":true,"href":"https:\/\/www.engenhariacivil.com\/emprego\/wp-json\/wp\/v2\/comments?post=5563"}],"version-history":[{"count":2,"href":"https:\/\/www.engenhariacivil.com\/emprego\/wp-json\/wp\/v2\/pages\/5563\/revisions"}],"predecessor-version":[{"id":5566,"href":"https:\/\/www.engenhariacivil.com\/emprego\/wp-json\/wp\/v2\/pages\/5563\/revisions\/5566"}],"wp:attachment":[{"href":"https:\/\/www.engenhariacivil.com\/emprego\/wp-json\/wp\/v2\/media?parent=5563"}],"curies":[{"name":"wp","href":"https:\/\/api.w.org\/{rel}","templated":true}]}}